{"id":874,"date":"2025-08-08T17:44:14","date_gmt":"2025-08-08T17:44:14","guid":{"rendered":"https:\/\/lightgrey-kingfisher-258357.hostingersite.com\/?page_id=874"},"modified":"2025-08-08T17:51:16","modified_gmt":"2025-08-08T17:51:16","slug":"cookie-policy","status":"publish","type":"page","link":"https:\/\/retribe.es\/es\/legal-pages\/cookie-policy\/","title":{"rendered":"Pol\u00edtica de Cookies"},"content":{"rendered":"<p>Esta Pol\u00edtica de Cookies es emitida por RE | TRIBE Property Brokers Club, con sede en\n Espa\u00f1a. Para m\u00e1s informaci\u00f3n, puede contactarnos en <strong data--h-bstatus=\"0OBSERVED\"><a data--h-bstatus=\"0OBSERVED\" href=\"mailto:info@lightgrey-kingfisher-258357.hostingersite.com\">info@lightgrey-kingfisher-258357.hostingersite.com<\/a><\/strong>.<\/p>\n\n\n\n<h3 class=\"wp-block-heading\">1. \u00bfQu\u00e9 son las Cookies?<\/h3>\n\n\n\n<p>Las cookies son archivos de texto que se almacenan en su dispositivo al visitar un sitio web.\n Ayudan al funcionamiento del sitio, mejoran la experiencia del usuario y recogen datos\n anal\u00edticos.<\/p>\n\n\n\n<h3 class=\"wp-block-heading\">2. Tipos de Cookies que Utilizamos<\/h3>\n\n\n\n<p>Cookies Estrictamente Necesarias: Esenciales para el funcionamiento del sitio. - Cookies de\n Rendimiento: Recogen datos an\u00f3nimos sobre la interacci\u00f3n del usuario. - Cookies de\n Funcionalidad: Recuerdan preferencias del usuario. - Cookies de Publicidad\/Marketing:\n Rastrean la navegaci\u00f3n para mostrar anuncios relevantes.<\/p>\n\n\n\n<h3 class=\"wp-block-heading\">3. Cookies de Terceros<\/h3>\n\n\n\n<p>Podemos utilizar servicios de terceros (como Google Analytics o Facebook Pixel) que instalan\n cookies con fines anal\u00edticos y publicitarios.<\/p>\n\n\n\n<h3 class=\"wp-block-heading\">4. Consentimiento y Gesti\u00f3n de Cookies<\/h3>\n\n\n\n<p>Al ingresar al sitio, ver\u00e1 un aviso de cookies solicitando su consentimiento. Puede gestionar\n las cookies en cualquier momento desde la configuraci\u00f3n de su navegador o visitar\n www.allaboutcookies.org.<\/p>\n\n\n\n<h3 class=\"wp-block-heading\">5. Protecci\u00f3n de Datos<\/h3>\n\n\n\n<p>Cookie usage may involve processing personal data. For details, see our <a href=\"https:\/\/lightgrey-kingfisher-258357.hostingersite.com\/legal-pages\/privacy-policy\/\" title=\"Pol\u00edtica de Privacidad\"><strong>Pol\u00edtica de Privacidad<\/strong><\/a>.<\/p>\n\n\n\n<p><\/p>","protected":false},"excerpt":{"rendered":"<p>This Cookie Policy is issued by RE | TRIBE Real Estate Brokers Club, based in Spain. For more information, please contact us at info@lightgrey-kingfisher-258357.hostingersite.com. 1. What Are Cookies? Cookies are small text files stored on your device when you visit a website. They help websites function properly, enhance user experience, and gather analytics. 2. Types [&hellip;]<\/p>\n","protected":false},"author":2,"featured_media":0,"parent":559,"menu_order":0,"comment_status":"closed","ping_status":"closed","template":"","meta":{"slim_seo":{"title":"Cookie Policy - ReTribe","description":"This Cookie Policy is issued by RE | TRIBE Real Estate Brokers Club, based in Spain. For more information, please contact us at info@lightgrey-kingfisher-258357"},"footnotes":""},"folder":[],"class_list":["post-874","page","type-page","status-publish","hentry"],"_hostinger_reach_plugin_has_subscription_block":false,"_hostinger_reach_plugin_is_elementor":false,"_links":{"self":[{"href":"https:\/\/retribe.es\/es\/wp-json\/wp\/v2\/pages\/874","targetHints":{"allow":["GET"]}}],"collection":[{"href":"https:\/\/retribe.es\/es\/wp-json\/wp\/v2\/pages"}],"about":[{"href":"https:\/\/retribe.es\/es\/wp-json\/wp\/v2\/types\/page"}],"author":[{"embeddable":true,"href":"https:\/\/retribe.es\/es\/wp-json\/wp\/v2\/users\/2"}],"replies":[{"embeddable":true,"href":"https:\/\/retribe.es\/es\/wp-json\/wp\/v2\/comments?post=874"}],"version-history":[{"count":5,"href":"https:\/\/retribe.es\/es\/wp-json\/wp\/v2\/pages\/874\/revisions"}],"predecessor-version":[{"id":879,"href":"https:\/\/retribe.es\/es\/wp-json\/wp\/v2\/pages\/874\/revisions\/879"}],"up":[{"embeddable":true,"href":"https:\/\/retribe.es\/es\/wp-json\/wp\/v2\/pages\/559"}],"wp:attachment":[{"href":"https:\/\/retribe.es\/es\/wp-json\/wp\/v2\/media?parent=874"}],"wp:term":[{"taxonomy":"folder","embeddable":true,"href":"https:\/\/retribe.es\/es\/wp-json\/wp\/v2\/folder?post=874"}],"curies":[{"name":"wp","href":"https:\/\/api.w.org\/{rel}","templated":true}]}}