{"id":11,"date":"2025-08-01T09:35:10","date_gmt":"2025-08-01T09:35:10","guid":{"rendered":"https:\/\/lightgrey-kingfisher-258357.hostingersite.com\/?page_id=11"},"modified":"2025-08-14T11:12:37","modified_gmt":"2025-08-14T11:12:37","slug":"home","status":"publish","type":"page","link":"https:\/\/retribe.es\/es\/","title":{"rendered":"Inicio"},"content":{"rendered":"<p><\/p>\n\n\n\n<h6 class=\"wp-block-heading\">ReTribe es un club de asesores y agentes inmobiliarios independientes en la Costa del Sol, con a\u00f1os de experiencia en el mercado inmobiliario.<br><\/h6>\n\n\n\n<p><\/p>\n\n\n\n<p>Para poder ofrecerle la mejor experiencia, cu\u00e9ntenos qu\u00e9 opci\u00f3n le define mejor:<\/p>\n\n\n\n<p><\/p>","protected":false},"excerpt":{"rendered":"<p>ReTribe is a growing community of independent real estate brokers &amp; agents on Costa del Sol with years of experience in the property market. For maximum benefit, please tell us what describes you the most:<\/p>","protected":false},"author":2,"featured_media":530,"parent":0,"menu_order":0,"comment_status":"closed","ping_status":"closed","template":"","meta":{"slim_seo":{"title":"ReTribe - Real Estate Brokers Club","description":"ReTribe is a growing community of independent real estate brokers &amp; agents on Costa del Sol with years of experience in the property market. For maximum ben"},"footnotes":""},"folder":[],"class_list":["post-11","page","type-page","status-publish","has-post-thumbnail","hentry"],"_hostinger_reach_plugin_has_subscription_block":false,"_hostinger_reach_plugin_is_elementor":false,"_links":{"self":[{"href":"https:\/\/retribe.es\/es\/wp-json\/wp\/v2\/pages\/11","targetHints":{"allow":["GET"]}}],"collection":[{"href":"https:\/\/retribe.es\/es\/wp-json\/wp\/v2\/pages"}],"about":[{"href":"https:\/\/retribe.es\/es\/wp-json\/wp\/v2\/types\/page"}],"author":[{"embeddable":true,"href":"https:\/\/retribe.es\/es\/wp-json\/wp\/v2\/users\/2"}],"replies":[{"embeddable":true,"href":"https:\/\/retribe.es\/es\/wp-json\/wp\/v2\/comments?post=11"}],"version-history":[{"count":92,"href":"https:\/\/retribe.es\/es\/wp-json\/wp\/v2\/pages\/11\/revisions"}],"predecessor-version":[{"id":941,"href":"https:\/\/retribe.es\/es\/wp-json\/wp\/v2\/pages\/11\/revisions\/941"}],"wp:featuredmedia":[{"embeddable":true,"href":"https:\/\/retribe.es\/es\/wp-json\/wp\/v2\/media\/530"}],"wp:attachment":[{"href":"https:\/\/retribe.es\/es\/wp-json\/wp\/v2\/media?parent=11"}],"wp:term":[{"taxonomy":"folder","embeddable":true,"href":"https:\/\/retribe.es\/es\/wp-json\/wp\/v2\/folder?post=11"}],"curies":[{"name":"wp","href":"https:\/\/api.w.org\/{rel}","templated":true}]}}